{"id":639,"date":"2024-06-09T23:11:47","date_gmt":"2024-06-09T21:11:47","guid":{"rendered":"https:\/\/www.saveltie.fi\/?page_id=639"},"modified":"2024-06-12T14:45:06","modified_gmt":"2024-06-12T12:45:06","slug":"alennukset","status":"publish","type":"page","link":"https:\/\/www.saveltie.fi\/en\/tietoa\/alennukset\/","title":{"rendered":"Discounts"},"content":{"rendered":"<p class=\"has-medium-font-size\">We offer various discounts for our students. Discounts are applied to the lower price. <\/p>\n\n\n\n<hr class=\"wp-block-separator has-text-color has-contrast-2-color has-alpha-channel-opacity has-contrast-2-background-color has-background is-style-wide\"\/>\n\n\n\n<h2 class=\"wp-block-heading\">Family Discount<\/h2>\n\n\n\n<p class=\"has-medium-font-size\">If multiple family members start music lessons with us, we offer a family discount on the lower seasonal fee <strong>-10 %<\/strong>. The discount applies to all our offered lessons, including trial bundles!<\/p>\n\n\n\n<div style=\"height:20px\" aria-hidden=\"true\" class=\"wp-block-spacer\"><\/div>\n\n\n\n<hr class=\"wp-block-separator has-text-color has-contrast-2-color has-alpha-channel-opacity has-contrast-2-background-color has-background is-style-wide\"\/>\n\n\n\n<h2 class=\"wp-block-heading\">Multiple Subject Discount<\/h2>\n\n\n\n<p class=\"has-medium-font-size\">If a student studies multiple instruments with us or attends group lessons alongside their instrument lessons, we offer a <strong>-10 %<\/strong> discount on the lower seasonal fee, similar to the family discount.<\/p>\n\n\n\n<div style=\"height:20px\" aria-hidden=\"true\" class=\"wp-block-spacer\"><\/div>\n\n\n\n<hr class=\"wp-block-separator has-text-color has-contrast-2-color has-alpha-channel-opacity has-contrast-2-background-color has-background is-style-wide\"\/>\n\n\n\n<div style=\"height:20px\" aria-hidden=\"true\" class=\"wp-block-spacer\"><\/div>","protected":false},"excerpt":{"rendered":"<p>Tarjoamme erilaisia alennuksia oppilaillemme. Alennukset my\u00f6nnet\u00e4\u00e4n edullisemmasta hinnasta. Perhealennus Mik\u00e4li useampi henkil\u00f6 samasta perheest\u00e4 aloittaa musiikkiharrastuksen meill\u00e4, annamme edullisemmasta kausimaksusta perhealennuksen -10 %. Alennus koskee kaikkea tarjoamaamme opetusta, my\u00f6s kokeilupaketteja! Useamman aineen alennus Mik\u00e4li yksi oppilas opiskelee meill\u00e4 useampaa instrumenttia tai k\u00e4y instrumenttituntiensa ohella ryhm\u00e4opetuksessa, annamme edullisemmasta kausimaksusta perhealennuksen tapaan -10 % alennuksen.<\/p>","protected":false},"author":1,"featured_media":0,"parent":633,"menu_order":0,"comment_status":"closed","ping_status":"closed","template":"page-with-sidebar","meta":{"content-type":"","_uag_custom_page_level_css":"","_themeisle_gutenberg_block_has_review":false,"footnotes":""},"class_list":["post-639","page","type-page","status-publish","hentry"],"aioseo_notices":[],"mb":[],"uagb_featured_image_src":{"full":false,"thumbnail":false,"medium":false,"medium_large":false,"large":false,"1536x1536":false,"2048x2048":false,"trp-custom-language-flag":false,"qi_blocks_image_size_square":false,"qi_blocks_image_size_landscape":false,"qi_blocks_image_size_portrait":false,"qi_blocks_image_size_huge_square":false},"uagb_author_info":{"display_name":"saveltieadmin","author_link":"https:\/\/www.saveltie.fi\/en\/author\/saveltieadmin\/"},"uagb_comment_info":0,"uagb_excerpt":"Tarjoamme erilaisia alennuksia oppilaillemme. Alennukset my\u00f6nnet\u00e4\u00e4n edullisemmasta hinnasta. Perhealennus Mik\u00e4li useampi henkil\u00f6 samasta perheest\u00e4 aloittaa musiikkiharrastuksen meill\u00e4, annamme edullisemmasta kausimaksusta perhealennuksen -10 %. Alennus koskee kaikkea tarjoamaamme opetusta, my\u00f6s kokeilupaketteja! Useamman aineen alennus Mik\u00e4li yksi oppilas opiskelee meill\u00e4 useampaa instrumenttia tai k\u00e4y instrumenttituntiensa ohella ryhm\u00e4opetuksessa, annamme edullisemmasta kausimaksusta perhealennuksen tapaan -10 % alennuksen.","mfb_rest_fields":["title","aioseo_notices","uagb_featured_image_src","uagb_author_info","uagb_comment_info","uagb_excerpt"],"_links":{"self":[{"href":"https:\/\/www.saveltie.fi\/en\/wp-json\/wp\/v2\/pages\/639","targetHints":{"allow":["GET"]}}],"collection":[{"href":"https:\/\/www.saveltie.fi\/en\/wp-json\/wp\/v2\/pages"}],"about":[{"href":"https:\/\/www.saveltie.fi\/en\/wp-json\/wp\/v2\/types\/page"}],"author":[{"embeddable":true,"href":"https:\/\/www.saveltie.fi\/en\/wp-json\/wp\/v2\/users\/1"}],"replies":[{"embeddable":true,"href":"https:\/\/www.saveltie.fi\/en\/wp-json\/wp\/v2\/comments?post=639"}],"version-history":[{"count":4,"href":"https:\/\/www.saveltie.fi\/en\/wp-json\/wp\/v2\/pages\/639\/revisions"}],"predecessor-version":[{"id":788,"href":"https:\/\/www.saveltie.fi\/en\/wp-json\/wp\/v2\/pages\/639\/revisions\/788"}],"up":[{"embeddable":true,"href":"https:\/\/www.saveltie.fi\/en\/wp-json\/wp\/v2\/pages\/633"}],"wp:attachment":[{"href":"https:\/\/www.saveltie.fi\/en\/wp-json\/wp\/v2\/media?parent=639"}],"curies":[{"name":"wp","href":"https:\/\/api.w.org\/{rel}","templated":true}]}}