{"id":6057,"date":"2025-08-03T23:44:23","date_gmt":"2025-08-03T20:44:23","guid":{"rendered":"https:\/\/www.saveltie.fi\/?page_id=6057"},"modified":"2025-08-04T13:22:26","modified_gmt":"2025-08-04T10:22:26","slug":"hsm","status":"publish","type":"page","link":"https:\/\/www.saveltie.fi\/en\/hsm\/","title":{"rendered":"Harrastamisen Suomen malli"},"content":{"rendered":"<div class=\"wp-block-uagb-advanced-heading uagb-block-fc2fa296\"><h1 class=\"uagb-heading-text\">Harrastamisen Suomen malli<\/h1><\/div>\n\n\n\n<div class=\"wp-block-uagb-container uagb-block-3efabfdb alignfull uagb-is-root-container\">\n<div class=\"wp-block-uagb-container uagb-block-3ca4a417 alignfull uagb-is-root-container\"><div class=\"uagb-container-inner-blocks-wrap\">\n<div class=\"wp-block-uagb-advanced-heading uagb-block-6862fe06\"><div class=\"uagb-heading-text\">Toimimme Harrastamisen Suomen malli -yhteisty\u00f6kumppanina harrastustoimijana. Syksyll\u00e4 2025 j\u00e4rjest\u00e4mme Biisipaja-kurssin kahdessa helsinkil\u00e4isess\u00e4 koulussa \u2013 <strong><a href=\"https:\/\/www.hel.fi\/fi\/kasvatus-ja-koulutus\/merilahden-peruskoulu\" title=\"\">Merilahden peruskoulussa<\/a><\/strong> and <strong><a href=\"https:\/\/hrsk.fi\/\" title=\"\">Helsingin ranskalais-suomalaisessa koulussa<\/a><\/strong>.<\/div><\/div>\n\n\n\n<div class=\"wp-block-uagb-advanced-heading uagb-block-825ba8a7\"><div class=\"uagb-heading-text\">T\u00e4ll\u00e4 sivulla voit ilmoittautua mukaan harrastukseen. <strong>Ilmoittautuminen avataan 25.8. klo 12:00. <\/strong>Lomake n\u00e4ytt\u00e4\u00e4 ryhm\u00e4n vain, jos oppilaan ik\u00e4 vastaa sille asetettua ik\u00e4haarukkaa. Mik\u00e4li kohtaat lomakkeella ongelman, <a href=\"https:\/\/www.saveltie.fi\/en\/ota-yhteytta\/\" title=\"\">ole rohkeasti yhteydess\u00e4<\/a>. Pyrimme vastaamaan mahdollisimman pikaisesti.<\/div><\/div>\n\n\n\n<div class=\"forminator-guttenberg\"><form id=\"forminator-module-6070\" class=\"forminator-custom-form forminator-custom-form-6070\" method=\"post\" data-forminator-render=\"0\" data-uid=\"69f3ceb79f70a\" action=\"\"><div role=\"alert\" aria-live=\"polite\" class=\"forminator-response-message forminator-error\" aria-hidden=\"true\"><\/div><input type=\"hidden\" name=\"trp-form-language\" value=\"en\"\/><\/form><\/div>\n\n\n<\/div><\/div>\n\n\n\n<div class=\"wp-block-uagb-container uagb-block-690c3a22\">\n<div class=\"wp-block-uagb-container uagb-block-825ea5c6\">\n<div class=\"wp-block-uagb-container uagb-block-b7e1e5ca\">\n<div class=\"wp-block-uagb-image uagb-block-cc7d2c24 wp-block-uagb-image--layout-default wp-block-uagb-image--effect-static wp-block-uagb-image--align-none\"><figure class=\"wp-block-uagb-image__figure\"><a class=\"\" href=\"https:\/\/harrastamisensuomenmalli.fi\/\" target=\"\" rel=\"noopener\"><img decoding=\"async\" srcset=\"https:\/\/www.saveltie.fi\/wp-content\/uploads\/2025\/08\/Logo300.png ,https:\/\/www.saveltie.fi\/wp-content\/uploads\/2025\/08\/Logo300.png 780w, https:\/\/www.saveltie.fi\/wp-content\/uploads\/2025\/08\/Logo300.png 360w\" sizes=\"auto, (max-width: 480px) 150px\" src=\"https:\/\/www.saveltie.fi\/wp-content\/uploads\/2025\/08\/Logo300.png\" alt=\"Harrastamisen Suomen mallin logo\" class=\"uag-image-6058\" width=\"300\" height=\"136\" title=\"Harrastamisen Suomen malli -logo\" loading=\"lazy\" role=\"img\"\/><\/a><\/figure><\/div>\n\n\n\n<div class=\"wp-block-uagb-advanced-heading uagb-block-842de8ae\"><h2 class=\"uagb-heading-text\">Harrastamisen Suomen malli<\/h2><\/div>\n<\/div>\n\n\n\n<div class=\"wp-block-uagb-container uagb-block-df2e7d51\">\n<div class=\"wp-block-uagb-advanced-heading uagb-block-49e7d928\"><div class=\"uagb-heading-text\"><em>&#8221;Harrastamisen Suomen mallin tavoitteena on mahdollistaa jokaiselle lapselle ja nuorelle mieluisa ja maksuton harrastus koulup\u00e4iv\u00e4n yhteydess\u00e4.&#8221;<\/em><\/div><\/div>\n\n\n\n<p class=\"has-text-align-right has-text-color has-link-color wp-elements-4049459707d41b0618184a610bd9ac24\" style=\"color:#000000b3\"><em>L\u00e4hde: <a href=\"http:\/\/www.harrastamisensuomenmalli.fi\" title=\"\">harrastamisensuomenmalli.fi<\/a><\/em><\/p>\n<\/div>\n\n\n\n<div class=\"wp-block-uagb-buttons uagb-buttons__outer-wrap uagb-btn__default-btn uagb-btn-tablet__default-btn uagb-btn-mobile__default-btn uagb-block-d29548cb\"><div class=\"uagb-buttons__wrap uagb-buttons-layout-wrap\">\n<div class=\"wp-block-uagb-buttons-child uagb-buttons__outer-wrap uagb-block-5416cd0a wp-block-button\"><div class=\"uagb-button__wrapper\"><a class=\"uagb-buttons-repeater wp-block-button__link\" aria-label=\"\" href=\"https:\/\/harrastamisensuomenmalli.fi\/\" rel=\"follow noopener\" target=\"_self\" role=\"button\"><div class=\"uagb-button__link\">Read more<\/div><\/a><\/div><\/div>\n<\/div><\/div>\n<\/div>\n\n\n\n<div class=\"wp-block-uagb-container uagb-block-bc18e395\">\n<div class=\"wp-block-uagb-container uagb-block-1a39a12a\">\n<div class=\"wp-block-uagb-advanced-heading uagb-block-eb4fe040\"><h2 class=\"uagb-heading-text\">Etsitk\u00f6 ilmoittautumista muuhun opetukseen?<\/h2><\/div>\n<\/div>\n\n\n\n<div class=\"wp-block-uagb-container uagb-block-5d9261cf\">\n<div class=\"wp-block-uagb-advanced-heading uagb-block-e183c284\"><div class=\"uagb-heading-text\">L\u00f6yd\u00e4t ilmoittautumislomakkeen muuhun j\u00e4rjest\u00e4m\u00e4\u00e4mme opetukseen oheisen linkin takaa.<\/div><\/div>\n<\/div>\n\n\n\n<div class=\"wp-block-uagb-buttons uagb-buttons__outer-wrap uagb-btn__default-btn uagb-btn-tablet__default-btn uagb-btn-mobile__default-btn uagb-block-a4383fc1\"><div class=\"uagb-buttons__wrap uagb-buttons-layout-wrap\">\n<div class=\"wp-block-uagb-buttons-child uagb-buttons__outer-wrap uagb-block-e96a7c56 wp-block-button\"><div class=\"uagb-button__wrapper\"><a class=\"uagb-buttons-repeater wp-block-button__link\" aria-label=\"\" href=\"https:\/\/www.saveltie.fi\/en\/ilmoittaudu\/\" rel=\"follow noopener\" target=\"_self\" role=\"button\"><div class=\"uagb-button__link\">Read more<\/div><\/a><\/div><\/div>\n<\/div><\/div>\n<\/div>\n<\/div>\n<\/div>","protected":false},"excerpt":{"rendered":"<p>Harrastamisen Suomen malli Toimimme Harrastamisen Suomen malli -yhteisty\u00f6kumppanina harrastustoimijana. Syksyll\u00e4 2025 j\u00e4rjest\u00e4mme Biisipaja-kurssin kahdessa helsinkil\u00e4isess\u00e4 koulussa \u2013 Merilahden peruskoulussa sek\u00e4 Helsingin ranskalais-suomalaisessa koulussa. T\u00e4ll\u00e4 sivulla voit ilmoittautua mukaan harrastukseen. Ilmoittautuminen avataan 25.8. klo 12:00. Lomake n\u00e4ytt\u00e4\u00e4 ryhm\u00e4n vain, jos oppilaan ik\u00e4 vastaa sille asetettua ik\u00e4haarukkaa. Mik\u00e4li kohtaat lomakkeella ongelman, ole rohkeasti yhteydess\u00e4. Pyrimme vastaamaan mahdollisimman [&hellip;]<\/p>\n","protected":false},"author":2,"featured_media":0,"parent":0,"menu_order":0,"comment_status":"closed","ping_status":"closed","template":"","meta":{"content-type":"","_uag_custom_page_level_css":"","_themeisle_gutenberg_block_has_review":false,"footnotes":""},"class_list":["post-6057","page","type-page","status-publish","hentry"],"aioseo_notices":[],"mb":[],"uagb_featured_image_src":{"full":false,"thumbnail":false,"medium":false,"medium_large":false,"large":false,"1536x1536":false,"2048x2048":false,"trp-custom-language-flag":false,"qi_blocks_image_size_square":false,"qi_blocks_image_size_landscape":false,"qi_blocks_image_size_portrait":false,"qi_blocks_image_size_huge_square":false},"uagb_author_info":{"display_name":"Eetu H\u00e4m\u00e4l\u00e4inen","author_link":"https:\/\/www.saveltie.fi\/en\/author\/eetuhamalainen\/"},"uagb_comment_info":0,"uagb_excerpt":"Harrastamisen Suomen malli Toimimme Harrastamisen Suomen malli -yhteisty\u00f6kumppanina harrastustoimijana. Syksyll\u00e4 2025 j\u00e4rjest\u00e4mme Biisipaja-kurssin kahdessa helsinkil\u00e4isess\u00e4 koulussa \u2013 Merilahden peruskoulussa sek\u00e4 Helsingin ranskalais-suomalaisessa koulussa. T\u00e4ll\u00e4 sivulla voit ilmoittautua mukaan harrastukseen. Ilmoittautuminen avataan 25.8. klo 12:00. Lomake n\u00e4ytt\u00e4\u00e4 ryhm\u00e4n vain, jos oppilaan ik\u00e4 vastaa sille asetettua ik\u00e4haarukkaa. Mik\u00e4li kohtaat lomakkeella ongelman, ole rohkeasti yhteydess\u00e4. Pyrimme vastaamaan mahdollisimman&hellip;","mfb_rest_fields":["title","aioseo_notices","uagb_featured_image_src","uagb_author_info","uagb_comment_info","uagb_excerpt"],"_links":{"self":[{"href":"https:\/\/www.saveltie.fi\/en\/wp-json\/wp\/v2\/pages\/6057","targetHints":{"allow":["GET"]}}],"collection":[{"href":"https:\/\/www.saveltie.fi\/en\/wp-json\/wp\/v2\/pages"}],"about":[{"href":"https:\/\/www.saveltie.fi\/en\/wp-json\/wp\/v2\/types\/page"}],"author":[{"embeddable":true,"href":"https:\/\/www.saveltie.fi\/en\/wp-json\/wp\/v2\/users\/2"}],"replies":[{"embeddable":true,"href":"https:\/\/www.saveltie.fi\/en\/wp-json\/wp\/v2\/comments?post=6057"}],"version-history":[{"count":51,"href":"https:\/\/www.saveltie.fi\/en\/wp-json\/wp\/v2\/pages\/6057\/revisions"}],"predecessor-version":[{"id":6153,"href":"https:\/\/www.saveltie.fi\/en\/wp-json\/wp\/v2\/pages\/6057\/revisions\/6153"}],"wp:attachment":[{"href":"https:\/\/www.saveltie.fi\/en\/wp-json\/wp\/v2\/media?parent=6057"}],"curies":[{"name":"wp","href":"https:\/\/api.w.org\/{rel}","templated":true}]}}