{"id":4928,"date":"2025-03-28T01:04:52","date_gmt":"2025-03-27T23:04:52","guid":{"rendered":"https:\/\/www.saveltie.fi\/?page_id=4928"},"modified":"2025-03-28T01:04:57","modified_gmt":"2025-03-27T23:04:57","slug":"verkkovierailurekisteriseloste","status":"publish","type":"page","link":"https:\/\/www.saveltie.fi\/en\/yksityisyys\/verkkovierailurekisteriseloste\/","title":{"rendered":"Website Visitor Registry Privacy Policy"},"content":{"rendered":"<div class=\"wp-block-uagb-container uagb-block-38816aa1 alignfull uagb-is-root-container\"><div class=\"uagb-container-inner-blocks-wrap\">\n<div class=\"wp-block-uagb-advanced-heading uagb-block-f11605f9\"><h1 class=\"uagb-heading-text\">Website Visitor Registry Privacy Policy<\/h1><\/div>\n<\/div><\/div>\n\n\n\n<div class=\"wp-block-uagb-container uagb-block-edca3cdb alignfull uagb-is-root-container\"><div class=\"uagb-container-inner-blocks-wrap\">\n<p class=\"kt-adv-heading4928_3c90c9-be wp-block-kadence-advancedheading\" data-kb-block=\"kb-adv-heading4928_3c90c9-be\"><strong>Last updated:<\/strong>&nbsp;26.3.2025<\/p>\n\n\n\n<div class=\"wp-block-uagb-advanced-heading uagb-block-ac259172\"><h2 class=\"uagb-heading-text\">Data Controller<\/h2><\/div>\n\n\n\n<p class=\"kt-adv-heading4928_b63588-56 wp-block-kadence-advancedheading hls-hover_underline\" data-kb-block=\"kb-adv-heading4928_b63588-56\"><strong>Name:<\/strong>&nbsp;Musiikkikoulu S\u00e4veltie Oy<br><strong>Business ID:<\/strong>&nbsp;3449764-1<br><strong>Address:<\/strong>&nbsp;S\u00e4veltie 5, 00720 Helsinki<br><strong>Website:<\/strong>&nbsp;<a class=\"\" href=\"https:\/\/www.saveltie.fi\/en\/\">https:\/\/www.saveltie.fi<\/a><br><strong>Contact Person for Data Registry Matters:<\/strong><br>Eetu H\u00e4m\u00e4l\u00e4inen<br>Email:\u00a0eetu.hamalainen@saveltie.fi<\/p>\n\n\n\n<h2 class=\"kt-adv-heading4928_2a1937-c5 wp-block-kadence-advancedheading\" data-kb-block=\"kb-adv-heading4928_2a1937-c5\">1. Legal Basis and Purpose of Personal Data Processing<\/h2>\n\n\n\n<p class=\"kt-adv-heading4928_f51881-cf wp-block-kadence-advancedheading\" data-kb-block=\"kb-adv-heading4928_f51881-cf\">The legal basis for processing is the legitimate interest of Musiikkikoulu S\u00e4veltie Oy, which is founded on the freedom to conduct business. Personal data is processed to enhance and optimize the usability of our website and to improve the functionality of our services. We employ various technologies and services\u2014including analytics cookies, contact forms, and services provided by HubSpot\u2014to:<\/p>\n\n\n\n<ul class=\"wp-block-list\">\n<li class=\"has-contrast-color has-text-color has-link-color wp-elements-4fec2cfff6dfbc5f8f6db96fc476a970\" style=\"font-size:clamp(15.747px, 0.984rem + ((1vw - 3.2px) * 0.86), 24px);\">Enable tracking and analysis of website visitors.<\/li>\n\n\n\n<li class=\"has-contrast-color has-text-color has-link-color wp-elements-9d55a249c50b15dae150680bcff1db85\" style=\"font-size:clamp(15.747px, 0.984rem + ((1vw - 3.2px) * 0.86), 24px);\">Enhance the usability and content of the site by analyzing the collected data.<\/li>\n\n\n\n<li class=\"has-contrast-color has-text-color has-link-color wp-elements-d96fa4c2e8418cd2fba9136fdb41266b\" style=\"font-size:clamp(15.747px, 0.984rem + ((1vw - 3.2px) * 0.86), 24px);\">Provide users with the opportunity to contact us via contact forms.<\/li>\n\n\n\n<li class=\"has-contrast-color has-text-color has-link-color wp-elements-b5c9e1f37e13e77290d9180efe333400\" style=\"font-size:clamp(15.747px, 0.984rem + ((1vw - 3.2px) * 0.86), 24px);\">Implement communication and customer service measures through HubSpot, which includes managing chats and form submissions.<\/li>\n<\/ul>\n\n\n\n<p class=\"kt-adv-heading4928_f93fae-47 wp-block-kadence-advancedheading\" data-kb-block=\"kb-adv-heading4928_f93fae-47\">In these contexts, data collected via HubSpot and through contact forms is used solely for appropriate communication and handling of requests. If a user submits an inquiry through a contact form, the message and the sender\u2019s data will be deleted within one year after the conclusion of the processing, unless a longer retention period is required by law or another obligation.<\/p>\n\n\n\n<h2 class=\"kt-adv-heading4928_349591-6d wp-block-kadence-advancedheading\" data-kb-block=\"kb-adv-heading4928_349591-6d\">2. Personal Data Collected and Data Sources<\/h2>\n\n\n\n<p class=\"kt-adv-heading4928_0a78d8-08 wp-block-kadence-advancedheading\" data-kb-block=\"kb-adv-heading4928_0a78d8-08\">The registry collects the following information, which is gathered either automatically or through contact forms:<\/p>\n\n\n\n<ul class=\"wp-block-list\">\n<li class=\"has-contrast-color has-text-color has-link-color wp-elements-f13c56529f4f2b05a3bd98d563aa5a34\" style=\"font-size:clamp(15.747px, 0.984rem + ((1vw - 3.2px) * 0.86), 24px);\"><strong>Technical Data:<\/strong>&nbsp;IP address, browser information, duration of the website visit, and details of the pages visited.<\/li>\n\n\n\n<li class=\"has-contrast-color has-text-color has-link-color wp-elements-315488d65480df7032c5a0d0bcc9223d\" style=\"font-size:clamp(15.747px, 0.984rem + ((1vw - 3.2px) * 0.86), 24px);\"><strong>Data from Contact Forms:<\/strong>&nbsp;Information provided by the user (e.g., name, email address, and message content) through contact forms or other similar interactive services.<\/li>\n\n\n\n<li class=\"has-contrast-color has-text-color has-link-color wp-elements-3cc3e807f1120eda0b93719a47d8f3c8\" style=\"font-size:clamp(15.747px, 0.984rem + ((1vw - 3.2px) * 0.86), 24px);\"><strong>Data Collected by HubSpot:<\/strong>&nbsp;Information on visits, sessions, data provided via chat and forms, as well as any data collected for deduplication and analytics. This data is transferred from HubSpot\u2019s system to Musiikkikoulu S\u00e4veltie Oy and is used solely to support communication, analysis, and service improvements.<\/li>\n<\/ul>\n\n\n\n<p class=\"kt-adv-heading4928_13dc3d-6a wp-block-kadence-advancedheading\" data-kb-block=\"kb-adv-heading4928_13dc3d-6a\">Data is obtained directly from the user\u2019s device, through the use of the website, cookies, and information provided via forms.<\/p>\n\n\n\n<h2 class=\"kt-adv-heading4928_ed6109-e2 wp-block-kadence-advancedheading\" data-kb-block=\"kb-adv-heading4928_ed6109-e2\">3. Cookies, Other Tracking Technologies, and Interactive Services<\/h2>\n\n\n\n<p class=\"kt-adv-heading4928_7b3d50-1e wp-block-kadence-advancedheading\" data-kb-block=\"kb-adv-heading4928_7b3d50-1e\">Our website uses cookies and other tracking technologies to enhance and tailor the user experience, analyze website performance, and implement interactive services such as contact forms and HubSpot-based chat and form solutions.<\/p>\n\n\n\n<h3 class=\"kt-adv-heading4928_8062b5-d5 wp-block-kadence-advancedheading\" data-kb-block=\"kb-adv-heading4928_8062b5-d5\">Cookies and Tracking Technologies in Use:<\/h3>\n\n\n\n<p class=\"kt-adv-heading4928_98beaa-2f wp-block-kadence-advancedheading\" data-kb-block=\"kb-adv-heading4928_98beaa-2f\">Cookies and Tracking Technologies in Use:<\/p>\n\n\n\n<ul style=\"font-size:clamp(15.747px, 0.984rem + ((1vw - 3.2px) * 0.86), 24px);\" class=\"wp-block-list has-contrast-color has-text-color has-link-color wp-elements-b8ea5357b968704f2b41ddc99224a633\">\n<li><strong><span style=\"color: #e0d5ac;\" class=\"stk-highlight\">__cf_bm<\/span><\/strong>\n<ul class=\"wp-block-list\">\n<li><strong>Domains:<\/strong>&nbsp;hs-scripts.com, hscollectedforms.net, hs-banner.com, hsadspixel.net, usemessages.com, hs-analytics.net, hubapi.com, hubspot.com, hsappstatic.net<\/li>\n\n\n\n<li><strong>Description:<\/strong>&nbsp;Supports Cloudflare\u2019s Bot Management.<\/li>\n\n\n\n<li><strong>Duration:<\/strong>&nbsp;1 hour<\/li>\n\n\n\n<li><strong>Category:<\/strong>&nbsp;Necessary<\/li>\n<\/ul>\n<\/li>\n\n\n\n<li><strong><span style=\"color: #e0d5ac;\" class=\"stk-highlight\">_cfuvid<\/span><\/strong>\n<ul class=\"wp-block-list\">\n<li><strong>Domain:<\/strong>&nbsp;hubspot.com<\/li>\n\n\n\n<li><strong>Description:<\/strong>&nbsp;Used by Calendly to ensure session consistency and deliver personalized services.<\/li>\n\n\n\n<li><strong>Duration:<\/strong>&nbsp;Session<\/li>\n\n\n\n<li><strong>Category:<\/strong>&nbsp;Necessary<\/li>\n<\/ul>\n<\/li>\n\n\n\n<li><strong><span style=\"color: #e0d5ac;\" class=\"stk-highlight\">messagesUtk<\/span><\/strong>\n<ul class=\"wp-block-list\">\n<li><strong>Domain:<\/strong>&nbsp;saveltie.fi<\/li>\n\n\n\n<li><strong>Description:<\/strong>&nbsp;HubSpot identifies visitors engaging in chat.<\/li>\n\n\n\n<li><strong>Duration:<\/strong>&nbsp;6 months<\/li>\n\n\n\n<li><strong>Category:<\/strong>&nbsp;Functional<\/li>\n<\/ul>\n<\/li>\n\n\n\n<li><strong><span style=\"color: #e0d5ac;\" class=\"stk-highlight\">__hstc<\/span><\/strong>\n<ul class=\"wp-block-list\">\n<li><strong>Domain:<\/strong>&nbsp;saveltie.fi<\/li>\n\n\n\n<li><strong>Description:<\/strong>&nbsp;HubSpot\u2019s primary cookie that tracks visitor sessions and visit details.<\/li>\n\n\n\n<li><strong>Duration:<\/strong>&nbsp;6 months<\/li>\n\n\n\n<li><strong>Category:<\/strong>&nbsp;Analytics<\/li>\n<\/ul>\n<\/li>\n\n\n\n<li><strong><span style=\"color: #e0d5ac;\" class=\"stk-highlight\">hubspotutk<\/span><\/strong>\n<ul class=\"wp-block-list\">\n<li><strong>Domain:<\/strong>&nbsp;saveltie.fi<\/li>\n\n\n\n<li><strong>Description:<\/strong>&nbsp;Used for managing communications and deduplication of contacts via HubSpot.<\/li>\n\n\n\n<li><strong>Duration:<\/strong>&nbsp;6 months<\/li>\n\n\n\n<li><strong>Category:<\/strong>&nbsp;Analytics<\/li>\n<\/ul>\n<\/li>\n\n\n\n<li><strong><span style=\"color: #e0d5ac;\" class=\"stk-highlight\">__hssrc<\/span><\/strong>\n<ul class=\"wp-block-list\">\n<li><strong>Domain:<\/strong>&nbsp;saveltie.fi<\/li>\n\n\n\n<li><strong>Description:<\/strong>&nbsp;Determines if the user has restarted their browser.<\/li>\n\n\n\n<li><strong>Duration:<\/strong>&nbsp;Session<\/li>\n\n\n\n<li><strong>Category:<\/strong>&nbsp;Necessary<\/li>\n<\/ul>\n<\/li>\n\n\n\n<li><strong><span style=\"color: #e0d5ac;\" class=\"stk-highlight\">__hssc<\/span><\/strong>\n<ul class=\"wp-block-list\">\n<li><strong>Domain:<\/strong>&nbsp;saveltie.fi<\/li>\n\n\n\n<li><strong>Description:<\/strong>&nbsp;Tracks the number of sessions and session timestamps on the site.<\/li>\n\n\n\n<li><strong>Duration:<\/strong>&nbsp;1 hour<\/li>\n\n\n\n<li><strong>Category:<\/strong>&nbsp;Necessary<\/li>\n<\/ul>\n<\/li>\n\n\n\n<li><strong><span style=\"color: #e0d5ac;\" class=\"stk-highlight\">_fbp<\/span><\/strong>\n<ul class=\"wp-block-list\">\n<li><strong>Domain:<\/strong>&nbsp;saveltie.fi<\/li>\n\n\n\n<li><strong>Description:<\/strong>&nbsp;A cookie set by Facebook to track interactions.<\/li>\n\n\n\n<li><strong>Duration:<\/strong>&nbsp;3 months<\/li>\n\n\n\n<li><strong>Category:<\/strong>&nbsp;Analytics<\/li>\n<\/ul>\n<\/li>\n\n\n\n<li><strong><span style=\"color: #e0d5ac;\" class=\"stk-highlight\">lastExternalReferrerTime<\/span><\/strong>&nbsp;and&nbsp;<strong><span style=\"color: #e0d5ac;\" class=\"stk-highlight\">lastExternalReferrer<\/span><\/strong>\n<ul class=\"wp-block-list\">\n<li><strong>Domain:<\/strong>&nbsp;saveltie.fi<\/li>\n\n\n\n<li><strong>Description:<\/strong>&nbsp;Information regarding visits from external sources.<\/li>\n\n\n\n<li><strong>Duration:<\/strong>&nbsp;Not specified<\/li>\n\n\n\n<li><strong>Category:<\/strong>&nbsp;Other<\/li>\n<\/ul>\n<\/li>\n\n\n\n<li><strong><span style=\"color: #e0d5ac;\" class=\"stk-highlight\">wpEmojiSettingsSupports<\/span><\/strong>\n<ul class=\"wp-block-list\">\n<li><strong>Domain:<\/strong>&nbsp;saveltie.fi<\/li>\n\n\n\n<li><strong>Description:<\/strong>&nbsp;A WordPress cookie that ensures your browser supports proper emoji display.<\/li>\n\n\n\n<li><strong>Duration:<\/strong>&nbsp;Session<\/li>\n\n\n\n<li><strong>Category:<\/strong>&nbsp;Necessary<\/li>\n<\/ul>\n<\/li>\n<\/ul>\n\n\n\n<h3 class=\"kt-adv-heading4928_d22d9d-fe wp-block-kadence-advancedheading\" data-kb-block=\"kb-adv-heading4928_d22d9d-fe\">Managing Cookies and Interactive Services:<\/h3>\n\n\n\n<p class=\"kt-adv-heading4928_468dba-2d wp-block-kadence-advancedheading\" data-kb-block=\"kb-adv-heading4928_468dba-2d\">Users can disable cookies at any time by changing their browser settings or by using the cookie banner available on our website. Similarly, the use of contact forms and HubSpot-based services relies on the user\u2019s consent or the necessity of their basic functions. If a user opts out of cookies or other tracking technologies, we will disable all non-essential functions, including analytics and interactive services (such as chat and contact forms).<\/p>\n\n\n\n<p class=\"kt-adv-heading4928_24c11b-12 wp-block-kadence-advancedheading hls-hover_underline\" data-kb-block=\"kb-adv-heading4928_24c11b-12\">For more information on cookie usage and management instructions, please visit:<br><a class=\"\" href=\"https:\/\/www.viestintavirasto.fi\/kyberturvallisuus\/tietoturvaohjeet\/palveluidenturvallinenkaytto\/evasteet.html\">https:\/\/www.viestintavirasto.fi\/kyberturvallisuus\/tietoturvaohjeet\/palveluidenturvallinenkaytto\/evasteet.html<\/a>.<\/p>\n\n\n\n<p class=\"kt-adv-heading4928_3522a2-bf wp-block-kadence-advancedheading\" data-kb-block=\"kb-adv-heading4928_3522a2-bf\">Browser-specific instructions:<\/p>\n\n\n\n<ul class=\"wp-block-list\">\n<li class=\"has-contrast-color has-text-color has-link-color wp-elements-6038e2c37b25169b0fbe2e71630a7ac1\" style=\"font-size:clamp(15.747px, 0.984rem + ((1vw - 3.2px) * 0.86), 24px);\"><strong>Microsoft Internet Explorer (IE):<\/strong>&nbsp;<a class=\"\" href=\"http:\/\/windows.microsoft.com\/fi-fi\/internet-explorer\/delete-manage-cookies\">Instructions<\/a><\/li>\n\n\n\n<li class=\"has-contrast-color has-text-color has-link-color wp-elements-7719fe2912f4f0594da3f8fa30d39e74\" style=\"font-size:clamp(15.747px, 0.984rem + ((1vw - 3.2px) * 0.86), 24px);\"><strong>Google Chrome:<\/strong>&nbsp;<a class=\"\" href=\"https:\/\/support.google.com\/chrome\/answer\/95647?hl=fi\">Instructions<\/a><\/li>\n\n\n\n<li class=\"has-contrast-color has-text-color has-link-color wp-elements-994c74a44adbee33fc8d71e5083232bb\" style=\"font-size:clamp(15.747px, 0.984rem + ((1vw - 3.2px) * 0.86), 24px);\"><strong>Mozilla Firefox:<\/strong>&nbsp;<a class=\"\" href=\"https:\/\/support.mozilla.org\/fi\/kb\/evasteiden-paalle-ja-poiskytkeminen\">Instructions<\/a><\/li>\n\n\n\n<li class=\"has-contrast-color has-text-color has-link-color wp-elements-4abdcb3b1733701425ccd2fafc35eb78\" style=\"font-size:clamp(15.747px, 0.984rem + ((1vw - 3.2px) * 0.86), 24px);\"><strong>Safari iOS:<\/strong>&nbsp;<a class=\"\" href=\"https:\/\/support.apple.com\/fi-fi\/HT1677\">Instructions<\/a><\/li>\n\n\n\n<li class=\"has-contrast-color has-text-color has-link-color wp-elements-7a3851d0d975c38811b9aa686f40ae6d\" style=\"font-size:clamp(15.747px, 0.984rem + ((1vw - 3.2px) * 0.86), 24px);\"><strong>Safari Mac:<\/strong>&nbsp;<a class=\"\" href=\"https:\/\/support.apple.com\/kb\/ph21411?locale=fi_FI\">Instructions<\/a><\/li>\n<\/ul>\n\n\n\n<h2 class=\"kt-adv-heading4928_4d4b18-b6 wp-block-kadence-advancedheading\" data-kb-block=\"kb-adv-heading4928_4d4b18-b6\">4. Legal Bases for Processing and Data Retention<\/h2>\n\n\n\n<h3 class=\"kt-adv-heading4928_7475af-ea wp-block-kadence-advancedheading\" data-kb-block=\"kb-adv-heading4928_7475af-ea\">Legitimate Interest:<\/h3>\n\n\n\n<p class=\"kt-adv-heading4928_4ed34d-df wp-block-kadence-advancedheading\" data-kb-block=\"kb-adv-heading4928_4ed34d-df\">Musiikkikoulu S\u00e4veltie Oy processes personal data to carry out business-related tasks and to improve the user experience on its website. The legitimate interest is based on the need to enhance website functionality and to implement improvements through data analysis. We assess that the processing does not cause significant harm to the rights and freedoms of data subjects.<\/p>\n\n\n\n<h3 class=\"kt-adv-heading4928_f41b0f-ab wp-block-kadence-advancedheading\" data-kb-block=\"kb-adv-heading4928_f41b0f-ab\">Data Retention:<\/h3>\n\n\n\n<p class=\"kt-adv-heading4928_712aaf-06 wp-block-kadence-advancedheading\" data-kb-block=\"kb-adv-heading4928_712aaf-06\">Data collected through analytics services is deleted from, for example, Google Analytics 14 months after a visit. Other collected data is deleted once its intended purpose has been fulfilled or is anonymized.<\/p>\n\n\n\n<h2 class=\"kt-adv-heading4928_02c7ed-60 wp-block-kadence-advancedheading\" data-kb-block=\"kb-adv-heading4928_02c7ed-60\">5. Data Recipients and Transfers<\/h2>\n\n\n\n<h3 class=\"kt-adv-heading4928_c13d19-e3 wp-block-kadence-advancedheading\" data-kb-block=\"kb-adv-heading4928_c13d19-e3\">Data Recipients<\/h3>\n\n\n\n<p class=\"kt-adv-heading4928_a8ea78-d5 wp-block-kadence-advancedheading\" data-kb-block=\"kb-adv-heading4928_a8ea78-d5\">Personal data is primarily processed internally by Musiikkikoulu S\u00e4veltie Oy, and access is limited only to those employees responsible for maintaining and developing the website. In the event of a security breach, data may be disclosed to authorities such as the police or data protection officials.<\/p>\n\n\n\n<h3 class=\"kt-adv-heading4928_861c00-9d wp-block-kadence-advancedheading\" data-kb-block=\"kb-adv-heading4928_861c00-9d\">Data Transfers Outside the EU\/EEA:<\/h3>\n\n\n\n<p class=\"kt-adv-heading4928_91611b-6b wp-block-kadence-advancedheading\" data-kb-block=\"kb-adv-heading4928_91611b-6b\">Transfers of personal data are carried out in accordance with the requirements of the EU Data Protection Regulation (GDPR). Data is primarily transferred only to countries that the European Commission has deemed to provide an adequate level of data protection. If a transfer is made to a country that has not been assessed as adequate, we use EU-approved standard contractual clauses (SCC) and other protective measures as necessary.<\/p>\n\n\n\n<h2 class=\"kt-adv-heading4928_78fb99-52 wp-block-kadence-advancedheading\" data-kb-block=\"kb-adv-heading4928_78fb99-52\">6. Processing of Contact Inquiries and Messages<\/h2>\n\n\n\n<p class=\"kt-adv-heading4928_5ab03b-27 wp-block-kadence-advancedheading\" data-kb-block=\"kb-adv-heading4928_5ab03b-27\">Data received through contact inquiries (e.g., via email addresses and messages) is processed solely for the purpose of maintaining proper communication and handling requests. Our policy is to delete the message and sender data within one year after the processing of the matter is completed, unless a longer retention period is required by law or another legal obligation.<\/p>\n\n\n\n<h2 class=\"kt-adv-heading4928_d4bf7d-8d wp-block-kadence-advancedheading\" data-kb-block=\"kb-adv-heading4928_d4bf7d-8d\">7. Data Subject Rights<\/h2>\n\n\n\n<p class=\"kt-adv-heading4928_fc9002-ec wp-block-kadence-advancedheading\" data-kb-block=\"kb-adv-heading4928_fc9002-ec\">Data subjects have the following rights:<\/p>\n\n\n\n<ul class=\"wp-block-list\">\n<li class=\"has-contrast-color has-text-color has-link-color wp-elements-edf96c8e4d52dc9b7fb07d3bf8562c4a\" style=\"font-size:clamp(15.747px, 0.984rem + ((1vw - 3.2px) * 0.86), 24px);\"><strong>Right of Access:<\/strong>&nbsp;The right to obtain access to their personal data in the registry.<\/li>\n\n\n\n<li class=\"has-contrast-color has-text-color has-link-color wp-elements-5e0b1a173dcf31ce9ca52ea4ba5f63b0\" style=\"font-size:clamp(15.747px, 0.984rem + ((1vw - 3.2px) * 0.86), 24px);\"><strong>Right to Rectification:<\/strong>&nbsp;The right to have inaccurate, unnecessary, incomplete, or outdated data corrected, deleted, or supplemented.<\/li>\n\n\n\n<li class=\"has-contrast-color has-text-color has-link-color wp-elements-4bd005996654ab5a328c3348248e1a33\" style=\"font-size:clamp(15.747px, 0.984rem + ((1vw - 3.2px) * 0.86), 24px);\"><strong>Right to Restrict Processing:<\/strong>&nbsp;The right to request that processing be restricted, for example, in the case of inaccurate data.<\/li>\n\n\n\n<li class=\"has-contrast-color has-text-color has-link-color wp-elements-26e6e985d9ee34b7f3669cd95a52d2a8\" style=\"font-size:clamp(15.747px, 0.984rem + ((1vw - 3.2px) * 0.86), 24px);\"><strong>Right to Object:<\/strong>&nbsp;The right to object to data processing, for example, for direct marketing purposes.<\/li>\n\n\n\n<li class=\"has-contrast-color has-text-color has-link-color wp-elements-c77fee5438e3df39665f851cc1977b86\" style=\"font-size:clamp(15.747px, 0.984rem + ((1vw - 3.2px) * 0.86), 24px);\"><strong>Right to Data Portability:<\/strong>&nbsp;If processing is based on the data subject\u2019s consent, they have the right to receive their data in a transferable format.<\/li>\n\n\n\n<li class=\"has-contrast-color has-text-color has-link-color wp-elements-7e5c4723aa3a89f55a8a89fd1fcc2d1d\" style=\"font-size:clamp(15.747px, 0.984rem + ((1vw - 3.2px) * 0.86), 24px);\"><strong>Right to Lodge a Complaint:<\/strong>&nbsp;The right to file a complaint with the data protection authority if they believe that data protection legislation has been violated.<\/li>\n<\/ul>\n\n\n\n<p class=\"kt-adv-heading4928_fc953f-7a wp-block-kadence-advancedheading\" data-kb-block=\"kb-adv-heading4928_fc953f-7a\">Requests for access or correction should be submitted in writing or from an email address that proves your identity.<\/p>\n\n\n\n<h2 class=\"kt-adv-heading4928_260b8a-f5 wp-block-kadence-advancedheading\" data-kb-block=\"kb-adv-heading4928_260b8a-f5\">8. Security and Processing<\/h2>\n\n\n\n<p class=\"kt-adv-heading4928_87fe8f-c2 wp-block-kadence-advancedheading\" data-kb-block=\"kb-adv-heading4928_87fe8f-c2\">Musiikkikoulu S\u00e4veltie Oy processes website data solely in electronic form and restricts access to the data only to employees who have the necessary permissions. Each employee has a personal username and password, and they have signed confidentiality agreements. We use appropriate technical and organizational measures to safeguard the data.<\/p>\n\n\n\n<h2 class=\"kt-adv-heading4928_f17e2a-b2 wp-block-kadence-advancedheading\" data-kb-block=\"kb-adv-heading4928_f17e2a-b2\">9. Other Rights Related to Data Processing<\/h2>\n\n\n\n<p class=\"kt-adv-heading4928_cae53a-f9 wp-block-kadence-advancedheading\" data-kb-block=\"kb-adv-heading4928_cae53a-f9\">Data subjects have the right:<\/p>\n\n\n\n<ul class=\"wp-block-list\">\n<li class=\"has-contrast-color has-text-color has-link-color wp-elements-f9aa18be79d158f1e3e0c9d3c19e5e7f\" style=\"font-size:clamp(15.747px, 0.984rem + ((1vw - 3.2px) * 0.86), 24px);\">To prohibit the disclosure and processing of their data for direct marketing and other marketing purposes.<\/li>\n\n\n\n<li class=\"has-contrast-color has-text-color has-link-color wp-elements-75b85fee32eb012f8653c9bda2de1ea9\" style=\"font-size:clamp(15.747px, 0.984rem + ((1vw - 3.2px) * 0.86), 24px);\">To request the anonymization of their data where applicable.<\/li>\n\n\n\n<li class=\"has-contrast-color has-text-color has-link-color wp-elements-97614ddc27a3211f8d6f15dbe157e720\" style=\"font-size:clamp(15.747px, 0.984rem + ((1vw - 3.2px) * 0.86), 24px);\">To request complete deletion of their data, provided that this does not violate the legally mandated obligations of Musiikkikoulu S\u00e4veltie Oy.<\/li>\n<\/ul>\n<\/div><\/div>","protected":false},"excerpt":{"rendered":"<p>Verkkovierailurekisteriseloste Viimeksi p\u00e4ivitetty:&nbsp;26.3.2025 Rekisterinpit\u00e4j\u00e4 Nimi:&nbsp;Musiikkikoulu S\u00e4veltie OyY-tunnus:&nbsp;3449764-1Osoite:&nbsp;S\u00e4veltie 5, 00720 HelsinkiVerkkosivusto:&nbsp;https:\/\/www.saveltie.fiYhteyshenkil\u00f6 rekisteri\u00e4 koskevissa asioissa:Eetu H\u00e4m\u00e4l\u00e4inenS\u00e4hk\u00f6posti:&nbsp;eetu.hamalainen@saveltie.fi 1. Henkil\u00f6tietojen k\u00e4sittelyn peruste ja tarkoitus K\u00e4sittelyperusteena on Musiikkikoulu S\u00e4veltie Oy:n oikeutettu etu, jolla se voi kehitt\u00e4\u00e4 ja optimoida verkkosivustonsa k\u00e4ytett\u00e4vyytt\u00e4 sek\u00e4 parantaa palveluidensa toimivuutta. K\u00e4yt\u00e4mme useita teknologioita ja palveluita, kuten analytiikkaev\u00e4steit\u00e4 ja yhteydenottolomakkeita sek\u00e4 HubSpotin tarjoamia palveluita, joiden avulla: N\u00e4iss\u00e4 [&hellip;]<\/p>\n","protected":false},"author":2,"featured_media":0,"parent":3,"menu_order":0,"comment_status":"closed","ping_status":"closed","template":"page-no-title","meta":{"content-type":"","_uag_custom_page_level_css":"","_themeisle_gutenberg_block_has_review":false,"footnotes":""},"class_list":["post-4928","page","type-page","status-publish","hentry"],"aioseo_notices":[],"mb":[],"uagb_featured_image_src":{"full":false,"thumbnail":false,"medium":false,"medium_large":false,"large":false,"1536x1536":false,"2048x2048":false,"trp-custom-language-flag":false,"qi_blocks_image_size_square":false,"qi_blocks_image_size_landscape":false,"qi_blocks_image_size_portrait":false,"qi_blocks_image_size_huge_square":false},"uagb_author_info":{"display_name":"Eetu H\u00e4m\u00e4l\u00e4inen","author_link":"https:\/\/www.saveltie.fi\/en\/author\/eetuhamalainen\/"},"uagb_comment_info":0,"uagb_excerpt":"Verkkovierailurekisteriseloste Viimeksi p\u00e4ivitetty:&nbsp;26.3.2025 Rekisterinpit\u00e4j\u00e4 Nimi:&nbsp;Musiikkikoulu S\u00e4veltie OyY-tunnus:&nbsp;3449764-1Osoite:&nbsp;S\u00e4veltie 5, 00720 HelsinkiVerkkosivusto:&nbsp;https:\/\/www.saveltie.fiYhteyshenkil\u00f6 rekisteri\u00e4 koskevissa asioissa:Eetu H\u00e4m\u00e4l\u00e4inenS\u00e4hk\u00f6posti:&nbsp;eetu.hamalainen@saveltie.fi 1. Henkil\u00f6tietojen k\u00e4sittelyn peruste ja tarkoitus K\u00e4sittelyperusteena on Musiikkikoulu S\u00e4veltie Oy:n oikeutettu etu, jolla se voi kehitt\u00e4\u00e4 ja optimoida verkkosivustonsa k\u00e4ytett\u00e4vyytt\u00e4 sek\u00e4 parantaa palveluidensa toimivuutta. K\u00e4yt\u00e4mme useita teknologioita ja palveluita, kuten analytiikkaev\u00e4steit\u00e4 ja yhteydenottolomakkeita sek\u00e4 HubSpotin tarjoamia palveluita, joiden avulla: N\u00e4iss\u00e4&hellip;","mfb_rest_fields":["title","aioseo_notices","uagb_featured_image_src","uagb_author_info","uagb_comment_info","uagb_excerpt"],"_links":{"self":[{"href":"https:\/\/www.saveltie.fi\/en\/wp-json\/wp\/v2\/pages\/4928","targetHints":{"allow":["GET"]}}],"collection":[{"href":"https:\/\/www.saveltie.fi\/en\/wp-json\/wp\/v2\/pages"}],"about":[{"href":"https:\/\/www.saveltie.fi\/en\/wp-json\/wp\/v2\/types\/page"}],"author":[{"embeddable":true,"href":"https:\/\/www.saveltie.fi\/en\/wp-json\/wp\/v2\/users\/2"}],"replies":[{"embeddable":true,"href":"https:\/\/www.saveltie.fi\/en\/wp-json\/wp\/v2\/comments?post=4928"}],"version-history":[{"count":5,"href":"https:\/\/www.saveltie.fi\/en\/wp-json\/wp\/v2\/pages\/4928\/revisions"}],"predecessor-version":[{"id":4940,"href":"https:\/\/www.saveltie.fi\/en\/wp-json\/wp\/v2\/pages\/4928\/revisions\/4940"}],"up":[{"embeddable":true,"href":"https:\/\/www.saveltie.fi\/en\/wp-json\/wp\/v2\/pages\/3"}],"wp:attachment":[{"href":"https:\/\/www.saveltie.fi\/en\/wp-json\/wp\/v2\/media?parent=4928"}],"curies":[{"name":"wp","href":"https:\/\/api.w.org\/{rel}","templated":true}]}}